{"id":11,"date":"2012-11-29T19:13:30","date_gmt":"2012-11-29T19:13:30","guid":{"rendered":"http:\/\/www.encontraportovelho.com.br\/noticias\/?page_id=11"},"modified":"2012-11-29T19:13:46","modified_gmt":"2012-11-29T19:13:46","slug":"sobre-o-blog","status":"publish","type":"page","link":"https:\/\/www.encontraportovelho.com.br\/sobre\/sobre-o-blog\/","title":{"rendered":"Sobre o blog"},"content":{"rendered":"<div class=\"13d057bedbee569bbd7541dee57205a1\" data-index=\"1\" style=\"float: none; margin:0px;\">\n<!-- Anuncio display - global -->\r\n<ins class=\"adsbygoogle\"\r\n     style=\"display:block\"\r\n     data-ad-client=\"ca-pub-8585364105181520\"\r\n     data-ad-slot=\"8789329856\"\r\n     data-ad-format=\"auto\"\r\n     data-full-width-responsive=\"true\"><\/ins>\r\n<script>\r\n     (adsbygoogle = window.adsbygoogle || []).push({});\r\n<\/script>\n<\/div>\n<p><strong>SOBRE O ENCONTRA ROND\u00d4NIA\u2026\u2026\u2026\u2026\u2026\u2026\u2026\u2026\u2026\u2026\u2026\u2026\u2026\u2026.<\/strong><\/p>\n<p><strong><\/strong>O\u00a0<strong>Encontra Rond\u00f4nia<\/strong> \u00e9 um guia que re\u00fane informa\u00e7\u00f5es de empresas e prestadores de servi\u00e7os instalados em todas as regi\u00f5es do estado de Rond\u00f4nia.\u00a0As p\u00e1ginas do Encontra Rond\u00f4niaenglobam milhares de com\u00e9rcios de diversos segmentos divididos em categorias de A a Z.<\/p>\n<p>Al\u00e9m dos sites, desde 2008 o Encontra Rond\u00f4nia\u00a0mant\u00e9m uma rede de mais de 200 blogs de not\u00edcias com conte\u00fado atualizado diariamente.<\/p>\n<p>As publica\u00e7\u00f5es dos blogs abrangem not\u00edcias, eventos culturais, dicas de empregos, shows, cursos, al\u00e9m de um espa\u00e7o direcionado \u00e0 participa\u00e7\u00e3o dos moradores.<\/p>\n<p><strong>ENVIAR NOT\u00cdCIAS<\/strong>:<strong>\u2026\u2026\u2026\u2026\u2026\u2026\u2026\u2026\u2026\u2026\u2026\u2026\u2026\u2026\u2026\u2026\u2026\u2026\u2026\u2026\u2026..<\/strong><\/p>\n<p><strong><\/strong>O e-mail para envio \u00e9:\u00a0<img decoding=\"async\" src=\"http:\/\/www.encontrasaopaulo.com.br\/imgs\/email-encontra-blog.jpg\" alt=\"\" \/><\/p>\n<p><strong>CONTATOS<\/strong>:<strong>\u2026\u2026\u2026\u2026\u2026\u2026\u2026\u2026\u2026\u2026<\/strong><\/p>\n<p><strong><\/strong>Telefones:\u00a0<img decoding=\"async\" title=\"telefones\" src=\"http:\/\/www.encontrasaopaulo.com.br\/imgs\/telefones-blog.png\" alt=\"\" \/><br \/>\nE-mail:\u00a0<img decoding=\"async\" src=\"http:\/\/www.encontrasaopaulo.com.br\/imgs\/email-encontra-blog.jpg\" alt=\"\" \/><\/p>\n\n<div style=\"font-size: 0px; height: 0px; line-height: 0px; margin: 0; padding: 0; clear: both;\"><\/div>","protected":false},"excerpt":{"rendered":"<p>SOBRE O ENCONTRA ROND\u00d4NIA\u2026\u2026\u2026\u2026\u2026\u2026\u2026\u2026\u2026\u2026\u2026\u2026\u2026\u2026. O\u00a0Encontra Rond\u00f4nia \u00e9 um guia que re\u00fane informa\u00e7\u00f5es de empresas e prestadores de servi\u00e7os instalados em todas as regi\u00f5es do estado de Rond\u00f4nia.\u00a0As p\u00e1ginas do Encontra Rond\u00f4niaenglobam milhares de com\u00e9rcios de diversos segmentos divididos em categorias de A a Z. Al\u00e9m dos sites, desde 2008 o Encontra Rond\u00f4nia\u00a0mant\u00e9m uma rede de mais de 200 blogs de not\u00edcias com conte\u00fado atualizado diariamente. As publica\u00e7\u00f5es dos blogs abrangem not\u00edcias, eventos culturais, dicas de empregos, shows, cursos, al\u00e9m de um espa\u00e7o direcionado \u00e0 participa\u00e7\u00e3o dos moradores. ENVIAR NOT\u00cdCIAS:\u2026\u2026\u2026\u2026\u2026\u2026\u2026\u2026\u2026\u2026\u2026\u2026\u2026\u2026\u2026\u2026\u2026\u2026\u2026\u2026\u2026.. O e-mail para envio \u00e9:\u00a0 CONTATOS:\u2026\u2026\u2026\u2026\u2026\u2026\u2026\u2026\u2026\u2026 Telefones:\u00a0 E-mail:\u00a0<\/p>\n","protected":false},"author":1,"featured_media":0,"parent":0,"menu_order":0,"comment_status":"closed","ping_status":"closed","template":"","meta":{"footnotes":""},"class_list":["post-11","page","type-page","status-publish","hentry"],"yoast_head":"<!-- This site is optimized with the Yoast SEO plugin v20.1 - https:\/\/yoast.com\/wordpress\/plugins\/seo\/ -->\n<title>Sobre o blog - Encontra Porto Velho<\/title>\n<meta name=\"robots\" content=\"index, follow, max-snippet:-1, max-image-preview:large, max-video-preview:-1\" \/>\n<link rel=\"canonical\" href=\"https:\/\/www.encontraportovelho.com.br\/sobre\/sobre-o-blog\/\" \/>\n<meta property=\"og:locale\" content=\"pt_BR\" \/>\n<meta property=\"og:type\" content=\"article\" \/>\n<meta property=\"og:title\" content=\"Sobre o blog - Encontra Porto Velho\" \/>\n<meta property=\"og:description\" content=\"SOBRE O ENCONTRA ROND\u00d4NIA\u2026\u2026\u2026\u2026\u2026\u2026\u2026\u2026\u2026\u2026\u2026\u2026\u2026\u2026. O\u00a0Encontra Rond\u00f4nia \u00e9 um guia que re\u00fane informa\u00e7\u00f5es de empresas e prestadores de servi\u00e7os instalados em todas as regi\u00f5es do estado de Rond\u00f4nia.\u00a0As p\u00e1ginas do Encontra Rond\u00f4niaenglobam milhares de com\u00e9rcios de diversos segmentos divididos em categorias de A a Z. Al\u00e9m dos sites, desde 2008 o Encontra Rond\u00f4nia\u00a0mant\u00e9m uma rede de mais de 200 blogs de not\u00edcias com conte\u00fado atualizado diariamente. As publica\u00e7\u00f5es dos blogs abrangem not\u00edcias, eventos culturais, dicas de empregos, shows, cursos, al\u00e9m de um espa\u00e7o direcionado \u00e0 participa\u00e7\u00e3o dos moradores. ENVIAR NOT\u00cdCIAS:\u2026\u2026\u2026\u2026\u2026\u2026\u2026\u2026\u2026\u2026\u2026\u2026\u2026\u2026\u2026\u2026\u2026\u2026\u2026\u2026\u2026.. O e-mail para envio \u00e9:\u00a0 CONTATOS:\u2026\u2026\u2026\u2026\u2026\u2026\u2026\u2026\u2026\u2026 Telefones:\u00a0 E-mail:\u00a0\" \/>\n<meta property=\"og:url\" content=\"https:\/\/www.encontraportovelho.com.br\/sobre\/sobre-o-blog\/\" \/>\n<meta property=\"og:site_name\" content=\"Encontra Porto Velho\" \/>\n<meta property=\"article:modified_time\" content=\"2012-11-29T19:13:46+00:00\" \/>\n<meta property=\"og:image\" content=\"http:\/\/www.encontrasaopaulo.com.br\/imgs\/email-encontra-blog.jpg\" \/>\n<meta name=\"twitter:card\" content=\"summary_large_image\" \/>\n<meta name=\"twitter:label1\" content=\"Est. tempo de leitura\" \/>\n\t<meta name=\"twitter:data1\" content=\"1 minuto\" \/>\n<script type=\"application\/ld+json\" class=\"yoast-schema-graph\">{\"@context\":\"https:\/\/schema.org\",\"@graph\":[{\"@type\":\"WebPage\",\"@id\":\"https:\/\/www.encontraportovelho.com.br\/sobre\/sobre-o-blog\/\",\"url\":\"https:\/\/www.encontraportovelho.com.br\/sobre\/sobre-o-blog\/\",\"name\":\"Sobre o blog - Encontra Porto Velho\",\"isPartOf\":{\"@id\":\"https:\/\/www.encontraportovelho.com.br\/sobre\/#website\"},\"datePublished\":\"2012-11-29T19:13:30+00:00\",\"dateModified\":\"2012-11-29T19:13:46+00:00\",\"breadcrumb\":{\"@id\":\"https:\/\/www.encontraportovelho.com.br\/sobre\/sobre-o-blog\/#breadcrumb\"},\"inLanguage\":\"pt-BR\",\"potentialAction\":[{\"@type\":\"ReadAction\",\"target\":[\"https:\/\/www.encontraportovelho.com.br\/sobre\/sobre-o-blog\/\"]}]},{\"@type\":\"BreadcrumbList\",\"@id\":\"https:\/\/www.encontraportovelho.com.br\/sobre\/sobre-o-blog\/#breadcrumb\",\"itemListElement\":[{\"@type\":\"ListItem\",\"position\":1,\"name\":\"In\u00edcio\",\"item\":\"https:\/\/www.encontraportovelho.com.br\/sobre\/\"},{\"@type\":\"ListItem\",\"position\":2,\"name\":\"Sobre o blog\"}]},{\"@type\":\"WebSite\",\"@id\":\"https:\/\/www.encontraportovelho.com.br\/sobre\/#website\",\"url\":\"https:\/\/www.encontraportovelho.com.br\/sobre\/\",\"name\":\"Encontra Porto Velho\",\"description\":\"Not\u00edcias, eventos, informa\u00e7\u00f5es e dicas na cidade de Porto Velho e regi\u00e3o.\",\"potentialAction\":[{\"@type\":\"SearchAction\",\"target\":{\"@type\":\"EntryPoint\",\"urlTemplate\":\"https:\/\/www.encontraportovelho.com.br\/sobre\/?s={search_term_string}\"},\"query-input\":\"required name=search_term_string\"}],\"inLanguage\":\"pt-BR\"}]}<\/script>\n<!-- \/ Yoast SEO plugin. -->","yoast_head_json":{"title":"Sobre o blog - Encontra Porto Velho","robots":{"index":"index","follow":"follow","max-snippet":"max-snippet:-1","max-image-preview":"max-image-preview:large","max-video-preview":"max-video-preview:-1"},"canonical":"https:\/\/www.encontraportovelho.com.br\/sobre\/sobre-o-blog\/","og_locale":"pt_BR","og_type":"article","og_title":"Sobre o blog - Encontra Porto Velho","og_description":"SOBRE O ENCONTRA ROND\u00d4NIA\u2026\u2026\u2026\u2026\u2026\u2026\u2026\u2026\u2026\u2026\u2026\u2026\u2026\u2026. O\u00a0Encontra Rond\u00f4nia \u00e9 um guia que re\u00fane informa\u00e7\u00f5es de empresas e prestadores de servi\u00e7os instalados em todas as regi\u00f5es do estado de Rond\u00f4nia.\u00a0As p\u00e1ginas do Encontra Rond\u00f4niaenglobam milhares de com\u00e9rcios de diversos segmentos divididos em categorias de A a Z. Al\u00e9m dos sites, desde 2008 o Encontra Rond\u00f4nia\u00a0mant\u00e9m uma rede de mais de 200 blogs de not\u00edcias com conte\u00fado atualizado diariamente. As publica\u00e7\u00f5es dos blogs abrangem not\u00edcias, eventos culturais, dicas de empregos, shows, cursos, al\u00e9m de um espa\u00e7o direcionado \u00e0 participa\u00e7\u00e3o dos moradores. ENVIAR NOT\u00cdCIAS:\u2026\u2026\u2026\u2026\u2026\u2026\u2026\u2026\u2026\u2026\u2026\u2026\u2026\u2026\u2026\u2026\u2026\u2026\u2026\u2026\u2026.. O e-mail para envio \u00e9:\u00a0 CONTATOS:\u2026\u2026\u2026\u2026\u2026\u2026\u2026\u2026\u2026\u2026 Telefones:\u00a0 E-mail:\u00a0","og_url":"https:\/\/www.encontraportovelho.com.br\/sobre\/sobre-o-blog\/","og_site_name":"Encontra Porto Velho","article_modified_time":"2012-11-29T19:13:46+00:00","og_image":[{"url":"http:\/\/www.encontrasaopaulo.com.br\/imgs\/email-encontra-blog.jpg"}],"twitter_card":"summary_large_image","twitter_misc":{"Est. tempo de leitura":"1 minuto"},"schema":{"@context":"https:\/\/schema.org","@graph":[{"@type":"WebPage","@id":"https:\/\/www.encontraportovelho.com.br\/sobre\/sobre-o-blog\/","url":"https:\/\/www.encontraportovelho.com.br\/sobre\/sobre-o-blog\/","name":"Sobre o blog - Encontra Porto Velho","isPartOf":{"@id":"https:\/\/www.encontraportovelho.com.br\/sobre\/#website"},"datePublished":"2012-11-29T19:13:30+00:00","dateModified":"2012-11-29T19:13:46+00:00","breadcrumb":{"@id":"https:\/\/www.encontraportovelho.com.br\/sobre\/sobre-o-blog\/#breadcrumb"},"inLanguage":"pt-BR","potentialAction":[{"@type":"ReadAction","target":["https:\/\/www.encontraportovelho.com.br\/sobre\/sobre-o-blog\/"]}]},{"@type":"BreadcrumbList","@id":"https:\/\/www.encontraportovelho.com.br\/sobre\/sobre-o-blog\/#breadcrumb","itemListElement":[{"@type":"ListItem","position":1,"name":"In\u00edcio","item":"https:\/\/www.encontraportovelho.com.br\/sobre\/"},{"@type":"ListItem","position":2,"name":"Sobre o blog"}]},{"@type":"WebSite","@id":"https:\/\/www.encontraportovelho.com.br\/sobre\/#website","url":"https:\/\/www.encontraportovelho.com.br\/sobre\/","name":"Encontra Porto Velho","description":"Not\u00edcias, eventos, informa\u00e7\u00f5es e dicas na cidade de Porto Velho e regi\u00e3o.","potentialAction":[{"@type":"SearchAction","target":{"@type":"EntryPoint","urlTemplate":"https:\/\/www.encontraportovelho.com.br\/sobre\/?s={search_term_string}"},"query-input":"required name=search_term_string"}],"inLanguage":"pt-BR"}]}},"_links":{"self":[{"href":"https:\/\/www.encontraportovelho.com.br\/sobre\/wp-json\/wp\/v2\/pages\/11","targetHints":{"allow":["GET"]}}],"collection":[{"href":"https:\/\/www.encontraportovelho.com.br\/sobre\/wp-json\/wp\/v2\/pages"}],"about":[{"href":"https:\/\/www.encontraportovelho.com.br\/sobre\/wp-json\/wp\/v2\/types\/page"}],"author":[{"embeddable":true,"href":"https:\/\/www.encontraportovelho.com.br\/sobre\/wp-json\/wp\/v2\/users\/1"}],"replies":[{"embeddable":true,"href":"https:\/\/www.encontraportovelho.com.br\/sobre\/wp-json\/wp\/v2\/comments?post=11"}],"version-history":[{"count":2,"href":"https:\/\/www.encontraportovelho.com.br\/sobre\/wp-json\/wp\/v2\/pages\/11\/revisions"}],"predecessor-version":[{"id":13,"href":"https:\/\/www.encontraportovelho.com.br\/sobre\/wp-json\/wp\/v2\/pages\/11\/revisions\/13"}],"wp:attachment":[{"href":"https:\/\/www.encontraportovelho.com.br\/sobre\/wp-json\/wp\/v2\/media?parent=11"}],"curies":[{"name":"wp","href":"https:\/\/api.w.org\/{rel}","templated":true}]}}