{"id":314,"date":"2019-05-17T16:14:10","date_gmt":"2019-05-17T19:14:10","guid":{"rendered":"https:\/\/www.encontraportovelho.com.br\/sobre\/?page_id=314"},"modified":"2025-09-29T10:07:30","modified_gmt":"2025-09-29T13:07:30","slug":"sobre-porto-velho","status":"publish","type":"page","link":"https:\/\/www.encontraportovelho.com.br\/sobre\/","title":{"rendered":"Sobre Porto Velho"},"content":{"rendered":"<div class=\"13d057bedbee569bbd7541dee57205a1\" data-index=\"1\" style=\"float: none; margin:0px;\">\n<!-- Anuncio display - global -->\r\n<ins class=\"adsbygoogle\"\r\n     style=\"display:block\"\r\n     data-ad-client=\"ca-pub-8585364105181520\"\r\n     data-ad-slot=\"8789329856\"\r\n     data-ad-format=\"auto\"\r\n     data-full-width-responsive=\"true\"><\/ins>\r\n<script>\r\n     (adsbygoogle = window.adsbygoogle || []).push({});\r\n<\/script>\n<\/div>\n<h2>Limites &#8211; Cidades Vizinhas<\/h2>\n<p>L\u00e1brea\/AM, Canutama\/AM, Humait\u00e1\/AM, Machadinho d&#8217;Oeste, Cujubim, Itapu\u00e3 do Oeste, Candeias do Jamari, Acrel\u00e2ndia\/Acre, Alto Para\u00edso, Buritis, Nova Mamor\u00e9 e departamento do Pando-Bol\u00edvia<\/p>\n<h2>Dados Principais sobre Porto Velho<\/h2>\n<div style=\"width: 114px\" class=\"wp-caption alignright\"><img loading=\"lazy\" decoding=\"async\" title=\"Bras\u00e3o de Porto Velho\" src=\"https:\/\/www.encontraportovelho.com.br\/imgs\/imagens-porto-velho\/brasao-de-porto-velho.jpg\" alt=\"Bras\u00e3o de Porto Velho\" width=\"104\" height=\"119\" \/><p class=\"wp-caption-text\">Bras\u00e3o de Porto Velho<\/p><\/div>\n<div style=\"width: 155px\" class=\"wp-caption alignright\"><img loading=\"lazy\" decoding=\"async\" title=\"Bandeira de Porto Velho\" src=\"https:\/\/www.encontraportovelho.com.br\/imgs\/imagens-porto-velho\/bandeira-de-porto-velho.jpg\" alt=\"Bandeira de Porto Velho\" width=\"145\" height=\"93\" \/><p class=\"wp-caption-text\">Bandeira de Porto Velho<\/p><\/div>\n<p><span class=\"style6\">Anivers\u00e1rio:<\/span> 2 de outubro<br \/>\nFunda\u00e7\u00e3o: 1914<br \/>\nGent\u00edlico: porto-velhense<br \/>\n\u00c1rea: 34 082,366 Km\u00b2<br \/>\nPopula\u00e7\u00e3o: 442 701 hab. (2012)<br \/>\nIDH: 0,763 &#8211; m\u00e9dio<br \/>\nPrefeitura: Porto Velho<\/p>\n<h2>Hist\u00f3ria de Porto Velho<\/h2>\n<p><img decoding=\"async\" title=\"Cidade de Porto Velho\" src=\"https:\/\/www.encontraportovelho.com.br\/imgs\/imagens-porto-velho\/cidade-de-porto-velho.jpg\" alt=\"Cidade de Porto Velho\" width=\"100%\" height=\"198\" \/><\/p>\n<p><span class=\"style4\">Porto Velho<\/span> \u00e9 uma cidade brasileira e capital do estado de Rond\u00f4nia. Situada na margem direita do Rio Madeira, na Regi\u00e3o Norte do Brasil. Foi fundada pela empresa americana Madeira Mamor\u00e9 Railway Company em 4 de julho de 1907, durante a constru\u00e7\u00e3o da Estrada de Ferro Madeira-Mamor\u00e9, comandada pelo magnata norte-americano Percival Farquhar. Em 2 de outubro de 1914 foi legalmente criada como um munic\u00edpio do Amazonas, transformando-se em capital do estado de Rond\u00f4nia em 1943, quando criou-se o Territ\u00f3rio Federal do Guapor\u00e9. Com uma popula\u00e7\u00e3o de 442,701 habitantes, \u00e9 a cidade mais populosa do estado, a 4\u00aa mais populosa da Regi\u00e3o Norte e a 46\u00aa mais populosa do Brasil. Congratula-se tamb\u00e9m por ser a capital brasileira com maior \u00e1rea territorial, dispondo de 34 068,50 km\u00b2, sendo tamb\u00e9m o munic\u00edpio mais populoso entre os munic\u00edpios fronteiri\u00e7os do Brasil. Em termos econ\u00f4micos, a cidade det\u00e9m o terceiro maior PIB da Regi\u00e3o Norte, al\u00e9m de ser atualmente a capital que mais cresce economicamente no pa\u00eds. (30,2% em 2009).<\/p>\n<h3 class=\"style4\">Hist\u00f3ria<\/h3>\n<p>Em 15 de janeiro de 1873, o Imperador Dom Pedro II assinou o Decreto-Lei n\u00ba 5.024, autorizando navios mercantes de todas as na\u00e7\u00f5es a subirem o rio Madeira. Em decorr\u00eancia, foram constru\u00eddas modernas instala\u00e7\u00f5es de atraca\u00e7\u00e3o em Santo Ant\u00f4nio, que passou a ser denominado Porto Novo.<\/p>\n<p>O porto velho dos militares continuou a ser usado por sua maior seguran\u00e7a, apesar das dificuldades operacionais e da dist\u00e2ncia at\u00e9 Santo Ant\u00f4nio, ponto inicial da Estrada de Ferro Madeira-Mamor\u00e9.<\/p>\n<p>Percival Farquhar, propriet\u00e1rio da empresa que afinal conseguiu concluir a ferrovia em 1912, desde 1907 usava o velho porto para descarregar materiais para a obra e, quando decidiu que o ponto inicial da ferrovia seria aquele (j\u00e1 na prov\u00edncia do Amazonas), tornou-se o verdadeiro fundador da cidade que receberia o nome Porto Velho.<\/p>\n<p>Tornado munic\u00edpio do Amazonas em 2 de outubro de 1914, foi criada por desbravadores por volta de 1907, durante a constru\u00e7\u00e3o da Estra<a title=\"Porto Velho\" href=\"https:\/\/www.encontraportovelho.com.br\/\">Porto Velho<\/a>da de Ferro Madeira-Mamor\u00e9.<\/p>\n<p>Desde meados do s\u00e9culo XIX, nos primeiros movimentos para construir uma ferrovia que possibilitasse superar o trecho encachoeirado do rio Madeira (cerca de 380 km) e dar vaz\u00e3o \u00e0 borracha produzida na Bol\u00edvia e na regi\u00e3o de Guajar\u00e1-Mirim, Santo Ant\u00f4nio do Madeira, prov\u00edncia de Mato Grosso, foi a localidade escolhida para constru\u00e7\u00e3o do porto onde o caucho seria transbordado para os navios, seguindo ent\u00e3o para a Europa e os Estados Unidos.<\/p>\n<p>As dificuldades de constru\u00e7\u00e3o e opera\u00e7\u00e3o de um porto fluvial, em frente aos rochedos da cachoeira de Santo Ant\u00f4nio, fizeram com que construtores e armadores utilizassem o pequeno porto amaz\u00f4nico localizado 7 km abaixo, em local muito mais favor\u00e1vel.<\/p>\n<h3 class=\"style4\">Emancipa\u00e7\u00f5es<\/h3>\n<p>Tornou-se munic\u00edpio em 1914, quando ainda pertencia ao Estado do Amazonas. Em 1943, passou \u00e0 condi\u00e7\u00e3o de capital e, juntamente com o munic\u00edpio de Guajar\u00e1-Mirim, passou a constituir o Territ\u00f3rio Federal do Guapor\u00e9, que em 1956 passou a ser denominado Rond\u00f4nia, vindo a ser elevado \u00e0 categoria de estado (subdivis\u00e3o) em 4 de janeiro de 1982. O primeiro a assumir a <a title=\"prefitura de Porto Velho\" href=\"https:\/\/www.prefeituradeportovelho.org\/\" target=\"_blank\" rel=\"noopener noreferrer\">prefitura de Porto Velho<\/a> foi o <em>Major Fernando Guapindaia de Souza Brejense<\/em>, nomeado pelo governador do Amazonas em 1915.<\/p>\n<h3>Crescimento demogr\u00e1fico<\/h3>\n<p>A cidade nasceu e cresceu a partir das instala\u00e7\u00f5es ferrovi\u00e1rias da Estrada de Ferro Madeira-Mamor\u00e9. Gra\u00e7as aos tantos ciclos econ\u00f4micos que se seguiram (explora\u00e7\u00e3o de borracha e posteriormente de cassiterita e de ouro), o munic\u00edpio foi se consolidando e acolhendo os migrantes que hoje formam a sua popula\u00e7\u00e3o.<\/p>\n<p>Moravam cerca de mil pessoas quando a obra da constru\u00e7\u00e3o da Estrada de Ferro foi conclu\u00edda, grande parte funcion\u00e1rios da empresa construtora.<\/p>\n<h3>Turismo<\/h3>\n<p>A <a title=\"cidade de Porto Velho\" href=\"https:\/\/www.encontraportovelho.com.br\/\">cidade de Porto Velho<\/a> tem pequeno potencia tur\u00edstico, devido ao seu patrim\u00f4nio hist\u00f3rico e humano. \u00c9 a 8\u00aa cidade da Regi\u00e3o Norte, 5\u00ba destino de empresarios vindos da Bolivia a neg\u00f3cios e eventos.<\/p>\n<p>As atra\u00e7\u00f5es hist\u00f3ricas s\u00e3o a Estrada de Ferro Madeira-Mamor\u00e9,cen\u00e1rio da s\u00e9rie de tv, produzida pela Rede Globo; a Catedral do Sagrado Cora\u00e7\u00e3o de Jesus; o Cemit\u00e9rio da Candel\u00e1ria; a sede da Arquidiocese; o terminal ferrovi\u00e1rio; a locomotiva Coronel Church (a primeira m\u00e1quina vinda para a Amaz\u00f4nia, em 1872), as Caixas D&#8217;\u00c1gua (s\u00edmbolos da cidade, edificadas pelos ingleses); a igreja de Santo Ant\u00f4nio do rio Madeira e sua bel\u00edssima cachoeira, marco inicial de Porto Velho.<\/p>\n<h3 class=\"style4\">Rodovias<\/h3>\n<p>A Rodovi\u00e1ria fica na Avenida Governador Jorge Teixeira (hoje considerada uma rodovia, a BR-319, sob administra\u00e7\u00e3o dos \u00f3rg\u00e3os p\u00fablicos federais).<\/p>\n<p>Porto Velho \u00e9 cortada por duas rodovias federais, a citada BR-319 e a principal delas, a BR-364, \u00fanica rodovia federal a cortar o Estado no sentido norte-sul, passando pelas principais cidades rondonienses.<\/p>\n<h3>Porto<\/h3>\n<p>O Porto Graneleiro &#8211; Sociedade de Portos e Hidrovias de Rond\u00f4nia (SOPH) &#8211; faz parte do corredor de exporta\u00e7\u00e3o de gr\u00e3os, principalmente a soja, que vem do sul do Estado e do Mato Grosso (Sapezal e cidades vizinhas). A soja in natura embarcada em Porto Velho segue a Itacoatiara, de balsa, e de l\u00e1 em navios para a Am\u00e9rica do Norte, Europa e \u00c1sia. Al\u00e9m de gr\u00e3os e outras mercadorias, como a madeira, o porto tamb\u00e9m escoa os produtos da cadeia de carne e latic\u00ednios.<\/p>\n<p>No Porto do Cai n&#8217;\u00c1gua, h\u00e1 embarca\u00e7\u00f5es que fazem o trajeto at\u00e9 Humait\u00e1, Manicor\u00e9 e Manaus, munic\u00edpios do Amazonas, como tamb\u00e9m das localidades do Baixo Madeira, como S\u00e3o Carlos, Calama e outras pequenas localidades.<\/p>\n<p>Para homenagear a comunidade de moradores desta maravilhosa cidade, o <a title=\"Encontra Rond\u00f4nia\" href=\"https:\/\/www.encontrarondonia.com.br\" target=\"_blank\" rel=\"noopener noreferrer\">Encontra Rond\u00f4nia<\/a> criou o <a title=\"Encontra Porto Velho\" href=\"https:\/\/www.encontraportovelho.com.br\/\" target=\"_blank\" rel=\"noopener noreferrer\">Encontra Porto Velho<\/a>.<\/p>\n\n<div style=\"font-size: 0px; height: 0px; line-height: 0px; margin: 0; padding: 0; clear: both;\"><\/div>","protected":false},"excerpt":{"rendered":"<p>Limites &#8211; Cidades Vizinhas L\u00e1brea\/AM, Canutama\/AM, Humait\u00e1\/AM, Machadinho d&#8217;Oeste, Cujubim, Itapu\u00e3 do Oeste, Candeias do Jamari, Acrel\u00e2ndia\/Acre, Alto Para\u00edso, Buritis, Nova Mamor\u00e9 e departamento do Pando-Bol\u00edvia Dados Principais sobre Porto Velho Anivers\u00e1rio: 2 de outubro Funda\u00e7\u00e3o: 1914 Gent\u00edlico: porto-velhense \u00c1rea: 34 082,366 Km\u00b2 Popula\u00e7\u00e3o: 442 701 hab. (2012) IDH: 0,763 &#8211; m\u00e9dio Prefeitura: Porto Velho Hist\u00f3ria de Porto Velho Porto Velho \u00e9 uma cidade brasileira e capital do estado de Rond\u00f4nia. Situada na margem direita do Rio Madeira, na Regi\u00e3o Norte do Brasil. Foi fundada pela empresa americana Madeira Mamor\u00e9 Railway Company em 4 de julho de 1907, durante a <\/p>\n","protected":false},"author":1,"featured_media":0,"parent":0,"menu_order":0,"comment_status":"closed","ping_status":"closed","template":"","meta":{"footnotes":""},"class_list":["post-314","page","type-page","status-publish","hentry"],"yoast_head":"<!-- This site is optimized with the Yoast SEO plugin v20.1 - https:\/\/yoast.com\/wordpress\/plugins\/seo\/ -->\n<title>Sobre Porto Velho - Encontra Porto Velho<\/title>\n<meta name=\"robots\" content=\"index, follow, max-snippet:-1, max-image-preview:large, max-video-preview:-1\" \/>\n<link rel=\"canonical\" href=\"https:\/\/www.encontraportovelho.com.br\/sobre\/\" \/>\n<meta property=\"og:locale\" content=\"pt_BR\" \/>\n<meta property=\"og:type\" content=\"article\" \/>\n<meta property=\"og:title\" content=\"Sobre Porto Velho - Encontra Porto Velho\" \/>\n<meta property=\"og:description\" content=\"Limites &#8211; Cidades Vizinhas L\u00e1brea\/AM, Canutama\/AM, Humait\u00e1\/AM, Machadinho d&#8217;Oeste, Cujubim, Itapu\u00e3 do Oeste, Candeias do Jamari, Acrel\u00e2ndia\/Acre, Alto Para\u00edso, Buritis, Nova Mamor\u00e9 e departamento do Pando-Bol\u00edvia Dados Principais sobre Porto Velho Anivers\u00e1rio: 2 de outubro Funda\u00e7\u00e3o: 1914 Gent\u00edlico: porto-velhense \u00c1rea: 34 082,366 Km\u00b2 Popula\u00e7\u00e3o: 442 701 hab. (2012) IDH: 0,763 &#8211; m\u00e9dio Prefeitura: Porto Velho Hist\u00f3ria de Porto Velho Porto Velho \u00e9 uma cidade brasileira e capital do estado de Rond\u00f4nia. Situada na margem direita do Rio Madeira, na Regi\u00e3o Norte do Brasil. Foi fundada pela empresa americana Madeira Mamor\u00e9 Railway Company em 4 de julho de 1907, durante a\" \/>\n<meta property=\"og:url\" content=\"https:\/\/www.encontraportovelho.com.br\/sobre\/\" \/>\n<meta property=\"og:site_name\" content=\"Encontra Porto Velho\" \/>\n<meta property=\"article:modified_time\" content=\"2025-09-29T13:07:30+00:00\" \/>\n<meta property=\"og:image\" content=\"https:\/\/www.encontraportovelho.com.br\/imgs\/imagens-porto-velho\/brasao-de-porto-velho.jpg\" \/>\n<meta name=\"twitter:card\" content=\"summary_large_image\" \/>\n<meta name=\"twitter:label1\" content=\"Est. tempo de leitura\" \/>\n\t<meta name=\"twitter:data1\" content=\"6 minutos\" \/>\n<script type=\"application\/ld+json\" class=\"yoast-schema-graph\">{\"@context\":\"https:\/\/schema.org\",\"@graph\":[{\"@type\":\"WebPage\",\"@id\":\"https:\/\/www.encontraportovelho.com.br\/sobre\/\",\"url\":\"https:\/\/www.encontraportovelho.com.br\/sobre\/\",\"name\":\"Sobre Porto Velho - Encontra Porto Velho\",\"isPartOf\":{\"@id\":\"https:\/\/www.encontraportovelho.com.br\/sobre\/#website\"},\"datePublished\":\"2019-05-17T19:14:10+00:00\",\"dateModified\":\"2025-09-29T13:07:30+00:00\",\"breadcrumb\":{\"@id\":\"https:\/\/www.encontraportovelho.com.br\/sobre\/#breadcrumb\"},\"inLanguage\":\"pt-BR\",\"potentialAction\":[{\"@type\":\"ReadAction\",\"target\":[\"https:\/\/www.encontraportovelho.com.br\/sobre\/\"]}]},{\"@type\":\"BreadcrumbList\",\"@id\":\"https:\/\/www.encontraportovelho.com.br\/sobre\/#breadcrumb\",\"itemListElement\":[{\"@type\":\"ListItem\",\"position\":1,\"name\":\"In\u00edcio\",\"item\":\"https:\/\/www.encontraportovelho.com.br\/sobre\/\"},{\"@type\":\"ListItem\",\"position\":2,\"name\":\"Sobre Porto Velho\"}]},{\"@type\":\"WebSite\",\"@id\":\"https:\/\/www.encontraportovelho.com.br\/sobre\/#website\",\"url\":\"https:\/\/www.encontraportovelho.com.br\/sobre\/\",\"name\":\"Encontra Porto Velho\",\"description\":\"Not\u00edcias, eventos, informa\u00e7\u00f5es e dicas na cidade de Porto Velho e regi\u00e3o.\",\"potentialAction\":[{\"@type\":\"SearchAction\",\"target\":{\"@type\":\"EntryPoint\",\"urlTemplate\":\"https:\/\/www.encontraportovelho.com.br\/sobre\/?s={search_term_string}\"},\"query-input\":\"required name=search_term_string\"}],\"inLanguage\":\"pt-BR\"}]}<\/script>\n<!-- \/ Yoast SEO plugin. -->","yoast_head_json":{"title":"Sobre Porto Velho - Encontra Porto Velho","robots":{"index":"index","follow":"follow","max-snippet":"max-snippet:-1","max-image-preview":"max-image-preview:large","max-video-preview":"max-video-preview:-1"},"canonical":"https:\/\/www.encontraportovelho.com.br\/sobre\/","og_locale":"pt_BR","og_type":"article","og_title":"Sobre Porto Velho - Encontra Porto Velho","og_description":"Limites &#8211; Cidades Vizinhas L\u00e1brea\/AM, Canutama\/AM, Humait\u00e1\/AM, Machadinho d&#8217;Oeste, Cujubim, Itapu\u00e3 do Oeste, Candeias do Jamari, Acrel\u00e2ndia\/Acre, Alto Para\u00edso, Buritis, Nova Mamor\u00e9 e departamento do Pando-Bol\u00edvia Dados Principais sobre Porto Velho Anivers\u00e1rio: 2 de outubro Funda\u00e7\u00e3o: 1914 Gent\u00edlico: porto-velhense \u00c1rea: 34 082,366 Km\u00b2 Popula\u00e7\u00e3o: 442 701 hab. (2012) IDH: 0,763 &#8211; m\u00e9dio Prefeitura: Porto Velho Hist\u00f3ria de Porto Velho Porto Velho \u00e9 uma cidade brasileira e capital do estado de Rond\u00f4nia. Situada na margem direita do Rio Madeira, na Regi\u00e3o Norte do Brasil. Foi fundada pela empresa americana Madeira Mamor\u00e9 Railway Company em 4 de julho de 1907, durante a","og_url":"https:\/\/www.encontraportovelho.com.br\/sobre\/","og_site_name":"Encontra Porto Velho","article_modified_time":"2025-09-29T13:07:30+00:00","og_image":[{"url":"https:\/\/www.encontraportovelho.com.br\/imgs\/imagens-porto-velho\/brasao-de-porto-velho.jpg"}],"twitter_card":"summary_large_image","twitter_misc":{"Est. tempo de leitura":"6 minutos"},"schema":{"@context":"https:\/\/schema.org","@graph":[{"@type":"WebPage","@id":"https:\/\/www.encontraportovelho.com.br\/sobre\/","url":"https:\/\/www.encontraportovelho.com.br\/sobre\/","name":"Sobre Porto Velho - Encontra Porto Velho","isPartOf":{"@id":"https:\/\/www.encontraportovelho.com.br\/sobre\/#website"},"datePublished":"2019-05-17T19:14:10+00:00","dateModified":"2025-09-29T13:07:30+00:00","breadcrumb":{"@id":"https:\/\/www.encontraportovelho.com.br\/sobre\/#breadcrumb"},"inLanguage":"pt-BR","potentialAction":[{"@type":"ReadAction","target":["https:\/\/www.encontraportovelho.com.br\/sobre\/"]}]},{"@type":"BreadcrumbList","@id":"https:\/\/www.encontraportovelho.com.br\/sobre\/#breadcrumb","itemListElement":[{"@type":"ListItem","position":1,"name":"In\u00edcio","item":"https:\/\/www.encontraportovelho.com.br\/sobre\/"},{"@type":"ListItem","position":2,"name":"Sobre Porto Velho"}]},{"@type":"WebSite","@id":"https:\/\/www.encontraportovelho.com.br\/sobre\/#website","url":"https:\/\/www.encontraportovelho.com.br\/sobre\/","name":"Encontra Porto Velho","description":"Not\u00edcias, eventos, informa\u00e7\u00f5es e dicas na cidade de Porto Velho e regi\u00e3o.","potentialAction":[{"@type":"SearchAction","target":{"@type":"EntryPoint","urlTemplate":"https:\/\/www.encontraportovelho.com.br\/sobre\/?s={search_term_string}"},"query-input":"required name=search_term_string"}],"inLanguage":"pt-BR"}]}},"_links":{"self":[{"href":"https:\/\/www.encontraportovelho.com.br\/sobre\/wp-json\/wp\/v2\/pages\/314","targetHints":{"allow":["GET"]}}],"collection":[{"href":"https:\/\/www.encontraportovelho.com.br\/sobre\/wp-json\/wp\/v2\/pages"}],"about":[{"href":"https:\/\/www.encontraportovelho.com.br\/sobre\/wp-json\/wp\/v2\/types\/page"}],"author":[{"embeddable":true,"href":"https:\/\/www.encontraportovelho.com.br\/sobre\/wp-json\/wp\/v2\/users\/1"}],"replies":[{"embeddable":true,"href":"https:\/\/www.encontraportovelho.com.br\/sobre\/wp-json\/wp\/v2\/comments?post=314"}],"version-history":[{"count":10,"href":"https:\/\/www.encontraportovelho.com.br\/sobre\/wp-json\/wp\/v2\/pages\/314\/revisions"}],"predecessor-version":[{"id":884,"href":"https:\/\/www.encontraportovelho.com.br\/sobre\/wp-json\/wp\/v2\/pages\/314\/revisions\/884"}],"wp:attachment":[{"href":"https:\/\/www.encontraportovelho.com.br\/sobre\/wp-json\/wp\/v2\/media?parent=314"}],"curies":[{"name":"wp","href":"https:\/\/api.w.org\/{rel}","templated":true}]}}